{"id":8,"date":"2018-04-25T09:16:16","date_gmt":"2018-04-25T07:16:16","guid":{"rendered":"https:\/\/demo.themefreesia.com\/photograph\/?page_id=8"},"modified":"2023-06-24T21:11:30","modified_gmt":"2023-06-24T19:11:30","slug":"about-us","status":"publish","type":"page","link":"https:\/\/prusak.org\/index.php\/about-us\/","title":{"rendered":"O mnie"},"content":{"rendered":"<h2>Jestem, kt\u00f3ry jestem.<\/h2>\n<p>&nbsp;<\/p>\n<blockquote><p>To jest ta wewn\u0119trzna jako\u015b\u0107 tego, wibracje, wiatr, d\u017awi\u0119k. To naprawd\u0119 wspania\u0142e miejsce do my\u015blenia, do odczuwania, do ucieczki. Gdy nie je\u017cd\u017c\u0119 motocyklem, mam objawy abstynencji. To nie jest dobre dla mojego zdrowia<\/p>\n<p><cite>\u2014 <a href=\"https:\/\/www.youtube.com\/shorts\/-4fwQ10BCdY\" target=\"_blank\" rel=\"noopener\">Keanu Reeves<\/a><\/cite><\/p><\/blockquote>\n<p>&nbsp;<\/p>\n","protected":false},"excerpt":{"rendered":"<p>Jestem, kt\u00f3ry jestem. &nbsp; To jest ta wewn\u0119trzna jako\u015b\u0107 tego, wibracje, wiatr, d\u017awi\u0119k. To naprawd\u0119 wspania\u0142e miejsce do my\u015blenia, do odczuwania, do ucieczki. Gdy nie&hellip; <\/p>\n","protected":false},"author":1,"featured_media":2348,"parent":0,"menu_order":0,"comment_status":"closed","ping_status":"closed","template":"page-templates\/aboutus-template.php","meta":{"_coblocks_attr":"","_coblocks_dimensions":"","_coblocks_responsive_height":"","_coblocks_accordion_ie_support":"","ngg_post_thumbnail":0,"footnotes":""},"class_list":["post-8","page","type-page","status-publish","has-post-thumbnail","hentry"],"jetpack_sharing_enabled":true,"_links":{"self":[{"href":"https:\/\/prusak.org\/index.php\/wp-json\/wp\/v2\/pages\/8","targetHints":{"allow":["GET"]}}],"collection":[{"href":"https:\/\/prusak.org\/index.php\/wp-json\/wp\/v2\/pages"}],"about":[{"href":"https:\/\/prusak.org\/index.php\/wp-json\/wp\/v2\/types\/page"}],"author":[{"embeddable":true,"href":"https:\/\/prusak.org\/index.php\/wp-json\/wp\/v2\/users\/1"}],"replies":[{"embeddable":true,"href":"https:\/\/prusak.org\/index.php\/wp-json\/wp\/v2\/comments?post=8"}],"version-history":[{"count":8,"href":"https:\/\/prusak.org\/index.php\/wp-json\/wp\/v2\/pages\/8\/revisions"}],"predecessor-version":[{"id":2444,"href":"https:\/\/prusak.org\/index.php\/wp-json\/wp\/v2\/pages\/8\/revisions\/2444"}],"wp:featuredmedia":[{"embeddable":true,"href":"https:\/\/prusak.org\/index.php\/wp-json\/wp\/v2\/media\/2348"}],"wp:attachment":[{"href":"https:\/\/prusak.org\/index.php\/wp-json\/wp\/v2\/media?parent=8"}],"curies":[{"name":"wp","href":"https:\/\/api.w.org\/{rel}","templated":true}]}}